{"id":38,"date":"2025-01-09T18:15:09","date_gmt":"2025-01-09T18:15:09","guid":{"rendered":"https:\/\/sanorte.net\/?page_id=38"},"modified":"2025-01-15T16:50:18","modified_gmt":"2025-01-15T16:50:18","slug":"inicio","status":"publish","type":"page","link":"https:\/\/sanorte.net\/","title":{"rendered":"INICIO"},"content":{"rendered":"<section class=\"fw-main-row \"  id=\"shortcode-ca33a740728f532f26b253d4f45673e1\">\r\n\t\t\t<div class=\"fw-container \">\r\n\t\t<div class=\"fw-col-xs-12 text-left\" id=\"shortcode-0372f47343d8db211bd3940d40fb245c\">\n\t<div class=\"ImageAndText image-left\">\r\n\r\n\t<div class=\"image-and-text-image\">\r\n\t\t<img loading=\"lazy\" decoding=\"async\" width=\"1269\" height=\"1300\" src=\"https:\/\/sanorte.net\/wp-content\/uploads\/2025\/01\/c2-1269x1300.jpg\" class=\"attachment-lucio_large_soft size-lucio_large_soft\" alt=\"\" srcset=\"https:\/\/sanorte.net\/wp-content\/uploads\/2025\/01\/c2-1269x1300.jpg 1269w, https:\/\/sanorte.net\/wp-content\/uploads\/2025\/01\/c2-293x300.jpg 293w, https:\/\/sanorte.net\/wp-content\/uploads\/2025\/01\/c2-999x1024.jpg 999w, https:\/\/sanorte.net\/wp-content\/uploads\/2025\/01\/c2-768x787.jpg 768w, https:\/\/sanorte.net\/wp-content\/uploads\/2025\/01\/c2-1499x1536.jpg 1499w, https:\/\/sanorte.net\/wp-content\/uploads\/2025\/01\/c2-1998x2048.jpg 1998w, https:\/\/sanorte.net\/wp-content\/uploads\/2025\/01\/c2-683x700.jpg 683w, https:\/\/sanorte.net\/wp-content\/uploads\/2025\/01\/c2-50x50.jpg 50w\" sizes=\"auto, (max-width: 1269px) 100vw, 1269px\" \/>\t<\/div>\r\n\t<div class=\"image-and-text-text is-floating\">\r\n\t\t<div class=\"SpecialTextBlock\">\r\n\r\n\t\t\t\t\t\t<h1 class='special-text-block-title'><\/h1>\t\t\t\t\t\t<div class=\"special-text-block-content\">\r\n\t\t\t\t<p>Carlos Sanorte es un artista multidisciplinario. Sus estudios profesionales en Arquitectura fueron el catalizador para explorar y combinar los diversos medios de expresi\u00f3n pl\u00e1stica, visual y auditiva con su filosof\u00eda de la vida y del arte. Ecl\u00e9ctico, siempre aprendiz y en busca de su libertad; curioso irreverente que explora lo org\u00e1nico e incomodo de la autoconstrucci\u00f3n de su hacer. Convive con el deseo legitimo de encontrarse a si mismo, como ser humano y como artista, percibi\u00e9ndolo como un proceso interminable de la vida, siempre transformando y permaneciendo, fluyendo y resistiendo, soltando y controlando, creando y destruyendo; reflejo congruente de la experiencia de nuestra realidad.<\/p>\t\t\t<\/div>\r\n\r\n\t\t<\/div> <!-- end SpecialTextBlock -->\r\n\t<\/div>\r\n\r\n<\/div> <!-- end ImageAndText --><\/div>\n\t<\/div>\r\n<\/section>\r\n\n","protected":false},"excerpt":{"rendered":"<p>Carlos Sanorte es un artista multidisciplinario. Sus estudios profesionales en Arquitectura fueron el catalizador para explorar y combinar los diversos medios de expresi\u00f3n pl\u00e1stica, visual y auditiva con su filosof\u00eda de la vida y del arte. Ecl\u00e9ctico, siempre aprendiz y en busca de su libertad; curioso irreverente que explora lo org\u00e1nico e incomodo de la&#8230;<\/p>\n","protected":false},"author":2,"featured_media":0,"parent":0,"menu_order":0,"comment_status":"closed","ping_status":"closed","template":"","meta":{"om_disable_all_campaigns":false,"_monsterinsights_skip_tracking":false,"_monsterinsights_sitenote_active":false,"_monsterinsights_sitenote_note":"","_monsterinsights_sitenote_category":0,"footnotes":""},"class_list":["post-38","page","type-page","status-publish","hentry"],"aioseo_notices":[],"_links":{"self":[{"href":"https:\/\/sanorte.net\/index.php\/wp-json\/wp\/v2\/pages\/38","targetHints":{"allow":["GET"]}}],"collection":[{"href":"https:\/\/sanorte.net\/index.php\/wp-json\/wp\/v2\/pages"}],"about":[{"href":"https:\/\/sanorte.net\/index.php\/wp-json\/wp\/v2\/types\/page"}],"author":[{"embeddable":true,"href":"https:\/\/sanorte.net\/index.php\/wp-json\/wp\/v2\/users\/2"}],"replies":[{"embeddable":true,"href":"https:\/\/sanorte.net\/index.php\/wp-json\/wp\/v2\/comments?post=38"}],"version-history":[{"count":28,"href":"https:\/\/sanorte.net\/index.php\/wp-json\/wp\/v2\/pages\/38\/revisions"}],"predecessor-version":[{"id":452,"href":"https:\/\/sanorte.net\/index.php\/wp-json\/wp\/v2\/pages\/38\/revisions\/452"}],"wp:attachment":[{"href":"https:\/\/sanorte.net\/index.php\/wp-json\/wp\/v2\/media?parent=38"}],"curies":[{"name":"wp","href":"https:\/\/api.w.org\/{rel}","templated":true}]}}